{"id":7,"date":"2014-03-30T15:14:21","date_gmt":"2014-03-30T13:14:21","guid":{"rendered":"http:\/\/www.autohaus-luenemann.de\/?page_id=7"},"modified":"2022-05-08T18:11:32","modified_gmt":"2022-05-08T16:11:32","slug":"aktuelles","status":"publish","type":"page","link":"https:\/\/www.pizza-niederwenigern.de\/","title":{"rendered":"Willkommen"},"content":{"rendered":"<p><a href=\"https:\/\/www.pizza-niederwenigern.de\/wp-content\/uploads\/2014\/03\/Startseite.jpg\" rel=\"prettyPhoto\"><img loading=\"lazy\" decoding=\"async\" class=\"alignnone wp-image-593 size-content\" src=\"https:\/\/www.pizza-niederwenigern.de\/wp-content\/uploads\/2014\/03\/Startseite-620x264.jpg\" alt=\"Startseite\" width=\"620\" height=\"264\" srcset=\"https:\/\/www.pizza-niederwenigern.de\/wp-content\/uploads\/2014\/03\/Startseite-620x264.jpg 620w, https:\/\/www.pizza-niederwenigern.de\/wp-content\/uploads\/2014\/03\/Startseite-940x400.jpg 940w\" sizes=\"auto, (max-width: 620px) 100vw, 620px\" \/><\/a><\/p>\n<p><strong>Herzlich willkommen im Restaurant von Michelangelo Pidala &#8222;Pizzeria bei Peppino&#8220;.<\/strong><\/p>\n<p>Mitten in Hattingen-Niederwenigern befindet sich unser gem\u00fctliches Familienunternehmen.<\/p>\n<p>In der verkehrsberuhigten Wohnanlage haben wir Ihren Lieblingsitaliener er\u00f6ffnet. F\u00fcr jede Tageszeit, jeden Geschmack und jede Lebenslage. Die t\u00e4glich frische und wechselnde Tageskarte h\u00e4lt immer wieder eine \u00dcberraschung f\u00fcr Sie bereit.<\/p>\n<p>Die umfangreiche Weinkarte rundet das Angebot ab.<\/p>\n<p>Besuchen Sie uns doch einmal und genie\u00dfen Sie in gem\u00fctlichem Ambiente unsere t\u00e4glich frisch zubereiteten italienischen Gerichte und lassen Sie sich von der Vielfalt unserer Speisen verw\u00f6hnen.<\/p>\n<p>F\u00fcr Reservierungen stehen wir Ihnen jederzeit gerne zur Verf\u00fcgung.<\/p>\n<p><strong>Wir freuen uns auf Sie!<\/strong><\/p>\n","protected":false},"excerpt":{"rendered":"<p>Herzlich willkommen im Restaurant von Michelangelo Pidala &#8222;Pizzeria bei Peppino&#8220;. Mitten in Hattingen-Niederwenigern befindet sich unser gem\u00fctliches Familienunternehmen. In der verkehrsberuhigten Wohnanlage haben wir Ihren Lieblingsitaliener er\u00f6ffnet. F\u00fcr jede Tageszeit, jeden Geschmack und jede Lebenslage. Die t\u00e4glich frische und wechselnde Tageskarte h\u00e4lt immer wieder eine \u00dcberraschung f\u00fcr Sie bereit. Die umfangreiche Weinkarte rundet das Angebot ab. Besuchen Sie uns doch einmal und genie\u00dfen Sie in gem\u00fctlichem Ambiente unsere t\u00e4glich frisch zubereiteten italienischen Gerichte und lassen Sie sich von der Vielfalt unserer Speisen verw\u00f6hnen. F\u00fcr Reservierungen stehen wir Ihnen jederzeit gerne zur Verf\u00fcgung. Wir freuen uns auf Sie!<\/p>\n","protected":false},"author":2,"featured_media":0,"parent":0,"menu_order":0,"comment_status":"open","ping_status":"closed","template":"","meta":{"footnotes":""},"class_list":["post-7","page","type-page","status-publish","hentry"],"_links":{"self":[{"href":"https:\/\/www.pizza-niederwenigern.de\/index.php?rest_route=\/wp\/v2\/pages\/7","targetHints":{"allow":["GET"]}}],"collection":[{"href":"https:\/\/www.pizza-niederwenigern.de\/index.php?rest_route=\/wp\/v2\/pages"}],"about":[{"href":"https:\/\/www.pizza-niederwenigern.de\/index.php?rest_route=\/wp\/v2\/types\/page"}],"author":[{"embeddable":true,"href":"https:\/\/www.pizza-niederwenigern.de\/index.php?rest_route=\/wp\/v2\/users\/2"}],"replies":[{"embeddable":true,"href":"https:\/\/www.pizza-niederwenigern.de\/index.php?rest_route=%2Fwp%2Fv2%2Fcomments&post=7"}],"version-history":[{"count":22,"href":"https:\/\/www.pizza-niederwenigern.de\/index.php?rest_route=\/wp\/v2\/pages\/7\/revisions"}],"predecessor-version":[{"id":631,"href":"https:\/\/www.pizza-niederwenigern.de\/index.php?rest_route=\/wp\/v2\/pages\/7\/revisions\/631"}],"wp:attachment":[{"href":"https:\/\/www.pizza-niederwenigern.de\/index.php?rest_route=%2Fwp%2Fv2%2Fmedia&parent=7"}],"curies":[{"name":"wp","href":"https:\/\/api.w.org\/{rel}","templated":true}]}}